{"id":1371,"date":"2022-05-04T16:25:26","date_gmt":"2022-05-04T19:25:26","guid":{"rendered":"https:\/\/demosites.royal-elementor-addons.com\/carwash-v1\/?page_id=13"},"modified":"2022-05-12T15:51:53","modified_gmt":"2022-05-12T18:51:53","slug":"about","status":"publish","type":"page","link":"https:\/\/wdyautoeletricaeremap.com.br\/?page_id=1371","title":{"rendered":"A WDY"},"content":{"rendered":"\t\t<div data-elementor-type=\"wp-page\" data-elementor-id=\"1371\" class=\"elementor elementor-1371\">\n\t\t\t\t\t\t<section class=\"elementor-section elementor-top-section elementor-element elementor-element-a1a84db elementor-section-height-min-height elementor-section-boxed elementor-section-height-default elementor-section-items-middle wpr-particle-no wpr-jarallax-no wpr-parallax-no wpr-sticky-section-no wpr-equal-height-no\" data-id=\"a1a84db\" data-element_type=\"section\" data-e-type=\"section\" data-settings=\"{&quot;background_background&quot;:&quot;classic&quot;}\">\n\t\t\t\t\t\t\t<div class=\"elementor-background-overlay\"><\/div>\n\t\t\t\t\t\t\t<div class=\"elementor-container elementor-column-gap-default\">\n\t\t\t\t\t<div class=\"elementor-column elementor-col-100 elementor-top-column elementor-element elementor-element-0abb6a3\" data-id=\"0abb6a3\" data-element_type=\"column\" data-e-type=\"column\">\n\t\t\t<div class=\"elementor-widget-wrap elementor-element-populated\">\n\t\t\t\t\t\t<div class=\"elementor-element elementor-element-c8abf89 elementor-widget elementor-widget-heading\" data-id=\"c8abf89\" data-element_type=\"widget\" data-e-type=\"widget\" data-widget_type=\"heading.default\">\n\t\t\t\t<div class=\"elementor-widget-container\">\n\t\t\t\t\t<h2 class=\"elementor-heading-title elementor-size-default\">Sobre a WDY Auto el\u00e9trica<\/h2>\t\t\t\t<\/div>\n\t\t\t\t<\/div>\n\t\t\t\t\t<\/div>\n\t\t<\/div>\n\t\t\t\t\t<\/div>\n\t\t<\/section>\n\t\t\t\t<section class=\"elementor-section elementor-top-section elementor-element elementor-element-f4be255 elementor-section-boxed elementor-section-height-default elementor-section-height-default wpr-particle-no wpr-jarallax-no wpr-parallax-no wpr-sticky-section-no wpr-equal-height-no\" data-id=\"f4be255\" data-element_type=\"section\" data-e-type=\"section\">\n\t\t\t\t\t\t<div class=\"elementor-container elementor-column-gap-wide\">\n\t\t\t\t\t<div class=\"elementor-column elementor-col-50 elementor-top-column elementor-element elementor-element-0137ec8\" data-id=\"0137ec8\" data-element_type=\"column\" data-e-type=\"column\">\n\t\t\t<div class=\"elementor-widget-wrap elementor-element-populated\">\n\t\t\t\t\t\t<section class=\"elementor-section elementor-inner-section elementor-element elementor-element-aab6700 elementor-section-boxed elementor-section-height-default elementor-section-height-default wpr-particle-no wpr-jarallax-no wpr-parallax-no wpr-sticky-section-no wpr-equal-height-no\" data-id=\"aab6700\" data-element_type=\"section\" data-e-type=\"section\">\n\t\t\t\t\t\t<div class=\"elementor-container elementor-column-gap-default\">\n\t\t\t\t\t<div class=\"elementor-column elementor-col-50 elementor-inner-column elementor-element elementor-element-f0fb2eb\" data-id=\"f0fb2eb\" data-element_type=\"column\" data-e-type=\"column\">\n\t\t\t<div class=\"elementor-widget-wrap elementor-element-populated\">\n\t\t\t\t\t\t<div class=\"elementor-element elementor-element-e2d4cf7 elementor-widget-divider--view-line elementor-widget elementor-widget-divider\" data-id=\"e2d4cf7\" data-element_type=\"widget\" data-e-type=\"widget\" data-widget_type=\"divider.default\">\n\t\t\t\t<div class=\"elementor-widget-container\">\n\t\t\t\t\t\t\t<div class=\"elementor-divider\">\n\t\t\t<span class=\"elementor-divider-separator\">\n\t\t\t\t\t\t<\/span>\n\t\t<\/div>\n\t\t\t\t\t\t<\/div>\n\t\t\t\t<\/div>\n\t\t\t\t\t<\/div>\n\t\t<\/div>\n\t\t\t\t<div class=\"elementor-column elementor-col-50 elementor-inner-column elementor-element elementor-element-047b102\" data-id=\"047b102\" data-element_type=\"column\" data-e-type=\"column\">\n\t\t\t<div class=\"elementor-widget-wrap elementor-element-populated\">\n\t\t\t\t\t\t<div class=\"elementor-element elementor-element-85b288c elementor-widget elementor-widget-heading\" data-id=\"85b288c\" data-element_type=\"widget\" data-e-type=\"widget\" data-widget_type=\"heading.default\">\n\t\t\t\t<div class=\"elementor-widget-container\">\n\t\t\t\t\t<h2 class=\"elementor-heading-title elementor-size-default\">About Us<\/h2>\t\t\t\t<\/div>\n\t\t\t\t<\/div>\n\t\t\t\t\t<\/div>\n\t\t<\/div>\n\t\t\t\t\t<\/div>\n\t\t<\/section>\n\t\t\t\t<div class=\"elementor-element elementor-element-fce15ef elementor-widget elementor-widget-heading\" data-id=\"fce15ef\" data-element_type=\"widget\" data-e-type=\"widget\" data-widget_type=\"heading.default\">\n\t\t\t\t<div class=\"elementor-widget-container\">\n\t\t\t\t\t<h2 class=\"elementor-heading-title elementor-size-default\">Qualidade e honestidade em 1\u00b0 lugar.<\/h2>\t\t\t\t<\/div>\n\t\t\t\t<\/div>\n\t\t\t\t<div class=\"elementor-element elementor-element-9b7809c elementor-widget elementor-widget-text-editor\" data-id=\"9b7809c\" data-element_type=\"widget\" data-e-type=\"widget\" data-widget_type=\"text-editor.default\">\n\t\t\t\t<div class=\"elementor-widget-container\">\n\t\t\t\t\t\t\t\t\t<p>A WDY tem como base oferecer alta tecnologia e m\u00e3o de obra qualificada com objetivo de conquistar a satisfa\u00e7\u00e3o dos clientes. A empresa \u00e9 especializada em auto el\u00e9trica de ve\u00edculos de pequeno, m\u00e9dio e grande porte. Tamb\u00e9m oferece outros tipos de servi\u00e7o como: Troca de \u00f3leo, manuten\u00e7\u00e3o de ABS, limpeza de bicos, air bags, travas el\u00e9tricas entre outros. <br><\/p><p>Ao longo do \u00faltimos anos, a WDY se especializou em remapeamento de ve\u00edculos e \u00e9 referencia no segmento com centenas de remaps realizados.&nbsp;<\/p><p>Traga seu ve\u00edculo para a WDY!<br><\/p>\t\t\t\t\t\t\t\t<\/div>\n\t\t\t\t<\/div>\n\t\t\t\t\t<\/div>\n\t\t<\/div>\n\t\t\t\t<div class=\"elementor-column elementor-col-50 elementor-top-column elementor-element elementor-element-4ec2574 elementor-hidden-tablet elementor-hidden-mobile\" data-id=\"4ec2574\" data-element_type=\"column\" data-e-type=\"column\">\n\t\t\t<div class=\"elementor-widget-wrap elementor-element-populated\">\n\t\t\t\t\t\t<div class=\"elementor-element elementor-element-ed32f6a elementor-widget elementor-widget-image\" data-id=\"ed32f6a\" data-element_type=\"widget\" data-e-type=\"widget\" data-widget_type=\"image.default\">\n\t\t\t\t<div class=\"elementor-widget-container\">\n\t\t\t\t\t\t\t\t\t\t\t\t\t\t\t<img fetchpriority=\"high\" decoding=\"async\" width=\"960\" height=\"679\" src=\"https:\/\/wdyautoeletricaeremap.com.br\/wp-content\/uploads\/2022\/05\/IMG_1924-1-1024x724.jpg\" class=\"attachment-large size-large wp-image-1535\" alt=\"\" srcset=\"https:\/\/wdyautoeletricaeremap.com.br\/wp-content\/uploads\/2022\/05\/IMG_1924-1-1024x724.jpg 1024w, https:\/\/wdyautoeletricaeremap.com.br\/wp-content\/uploads\/2022\/05\/IMG_1924-1-300x212.jpg 300w, https:\/\/wdyautoeletricaeremap.com.br\/wp-content\/uploads\/2022\/05\/IMG_1924-1-768x543.jpg 768w, https:\/\/wdyautoeletricaeremap.com.br\/wp-content\/uploads\/2022\/05\/IMG_1924-1-1536x1086.jpg 1536w, https:\/\/wdyautoeletricaeremap.com.br\/wp-content\/uploads\/2022\/05\/IMG_1924-1-2048x1448.jpg 2048w\" sizes=\"(max-width: 960px) 100vw, 960px\" \/>\t\t\t\t\t\t\t\t\t\t\t\t\t\t\t<\/div>\n\t\t\t\t<\/div>\n\t\t\t\t\t<\/div>\n\t\t<\/div>\n\t\t\t\t\t<\/div>\n\t\t<\/section>\n\t\t\t\t<\/div>\n\t\t","protected":false},"excerpt":{"rendered":"<p>Sobre a WDY Auto el\u00e9trica About Us Qualidade e honestidade em 1\u00b0 lugar. A WDY tem como base oferecer alta tecnologia e m\u00e3o de obra qualificada com objetivo de conquistar a satisfa\u00e7\u00e3o dos clientes. A empresa \u00e9 especializada em auto el\u00e9trica de ve\u00edculos de pequeno, m\u00e9dio e grande porte. Tamb\u00e9m oferece outros tipos de servi\u00e7o como: Troca de \u00f3leo, manuten\u00e7\u00e3o de ABS, limpeza de bicos, air bags, travas el\u00e9tricas entre outros. Ao longo do \u00faltimos anos, a WDY se especializou em remapeamento de ve\u00edculos e \u00e9 referencia no segmento com centenas de remaps realizados.&nbsp; Traga seu ve\u00edculo para a WDY!<\/p>\n","protected":false},"author":1,"featured_media":0,"parent":0,"menu_order":0,"comment_status":"closed","ping_status":"closed","template":"elementor_canvas","meta":{"footnotes":""},"class_list":["post-1371","page","type-page","status-publish","hentry"],"yoast_head":"<!-- This site is optimized with the Yoast SEO plugin v27.4 - https:\/\/yoast.com\/product\/yoast-seo-wordpress\/ -->\n<title>A WDY - WDY AUTO ELETRICA<\/title>\n<meta name=\"robots\" content=\"index, follow, max-snippet:-1, max-image-preview:large, max-video-preview:-1\" \/>\n<link rel=\"canonical\" href=\"https:\/\/wdyautoeletricaeremap.com.br\/?page_id=1371\" \/>\n<meta property=\"og:locale\" content=\"pt_BR\" \/>\n<meta property=\"og:type\" content=\"article\" \/>\n<meta property=\"og:title\" content=\"A WDY - WDY AUTO ELETRICA\" \/>\n<meta property=\"og:description\" content=\"Sobre a WDY Auto el\u00e9trica About Us Qualidade e honestidade em 1\u00b0 lugar. A WDY tem como base oferecer alta tecnologia e m\u00e3o de obra qualificada com objetivo de conquistar a satisfa\u00e7\u00e3o dos clientes. A empresa \u00e9 especializada em auto el\u00e9trica de ve\u00edculos de pequeno, m\u00e9dio e grande porte. Tamb\u00e9m oferece outros tipos de servi\u00e7o como: Troca de \u00f3leo, manuten\u00e7\u00e3o de ABS, limpeza de bicos, air bags, travas el\u00e9tricas entre outros. Ao longo do \u00faltimos anos, a WDY se especializou em remapeamento de ve\u00edculos e \u00e9 referencia no segmento com centenas de remaps realizados.&nbsp; Traga seu ve\u00edculo para a WDY!\" \/>\n<meta property=\"og:url\" content=\"https:\/\/wdyautoeletricaeremap.com.br\/?page_id=1371\" \/>\n<meta property=\"og:site_name\" content=\"WDY AUTO ELETRICA\" \/>\n<meta property=\"article:modified_time\" content=\"2022-05-12T18:51:53+00:00\" \/>\n<meta property=\"og:image\" content=\"http:\/\/wdyautoeletricaeremap.com.br\/wp-content\/uploads\/2022\/05\/IMG_1924-1-1024x724.jpg\" \/>\n<meta name=\"twitter:card\" content=\"summary_large_image\" \/>\n<meta name=\"twitter:label1\" content=\"Est. tempo de leitura\" \/>\n\t<meta name=\"twitter:data1\" content=\"1 minuto\" \/>\n<script type=\"application\/ld+json\" class=\"yoast-schema-graph\">{\"@context\":\"https:\\\/\\\/schema.org\",\"@graph\":[{\"@type\":\"WebPage\",\"@id\":\"https:\\\/\\\/wdyautoeletricaeremap.com.br\\\/?page_id=1371\",\"url\":\"https:\\\/\\\/wdyautoeletricaeremap.com.br\\\/?page_id=1371\",\"name\":\"A WDY - WDY AUTO ELETRICA\",\"isPartOf\":{\"@id\":\"https:\\\/\\\/wdyautoeletricaeremap.com.br\\\/#website\"},\"primaryImageOfPage\":{\"@id\":\"https:\\\/\\\/wdyautoeletricaeremap.com.br\\\/?page_id=1371#primaryimage\"},\"image\":{\"@id\":\"https:\\\/\\\/wdyautoeletricaeremap.com.br\\\/?page_id=1371#primaryimage\"},\"thumbnailUrl\":\"http:\\\/\\\/wdyautoeletricaeremap.com.br\\\/wp-content\\\/uploads\\\/2022\\\/05\\\/IMG_1924-1-1024x724.jpg\",\"datePublished\":\"2022-05-04T19:25:26+00:00\",\"dateModified\":\"2022-05-12T18:51:53+00:00\",\"breadcrumb\":{\"@id\":\"https:\\\/\\\/wdyautoeletricaeremap.com.br\\\/?page_id=1371#breadcrumb\"},\"inLanguage\":\"pt-BR\",\"potentialAction\":[{\"@type\":\"ReadAction\",\"target\":[\"https:\\\/\\\/wdyautoeletricaeremap.com.br\\\/?page_id=1371\"]}]},{\"@type\":\"ImageObject\",\"inLanguage\":\"pt-BR\",\"@id\":\"https:\\\/\\\/wdyautoeletricaeremap.com.br\\\/?page_id=1371#primaryimage\",\"url\":\"http:\\\/\\\/wdyautoeletricaeremap.com.br\\\/wp-content\\\/uploads\\\/2022\\\/05\\\/IMG_1924-1-1024x724.jpg\",\"contentUrl\":\"http:\\\/\\\/wdyautoeletricaeremap.com.br\\\/wp-content\\\/uploads\\\/2022\\\/05\\\/IMG_1924-1-1024x724.jpg\"},{\"@type\":\"BreadcrumbList\",\"@id\":\"https:\\\/\\\/wdyautoeletricaeremap.com.br\\\/?page_id=1371#breadcrumb\",\"itemListElement\":[{\"@type\":\"ListItem\",\"position\":1,\"name\":\"In\u00edcio\",\"item\":\"https:\\\/\\\/wdyautoeletricaeremap.com.br\\\/\"},{\"@type\":\"ListItem\",\"position\":2,\"name\":\"A WDY\"}]},{\"@type\":\"WebSite\",\"@id\":\"https:\\\/\\\/wdyautoeletricaeremap.com.br\\\/#website\",\"url\":\"https:\\\/\\\/wdyautoeletricaeremap.com.br\\\/\",\"name\":\"WDY AUTO ELETRICA\",\"description\":\"\",\"publisher\":{\"@id\":\"https:\\\/\\\/wdyautoeletricaeremap.com.br\\\/#organization\"},\"potentialAction\":[{\"@type\":\"SearchAction\",\"target\":{\"@type\":\"EntryPoint\",\"urlTemplate\":\"https:\\\/\\\/wdyautoeletricaeremap.com.br\\\/?s={search_term_string}\"},\"query-input\":{\"@type\":\"PropertyValueSpecification\",\"valueRequired\":true,\"valueName\":\"search_term_string\"}}],\"inLanguage\":\"pt-BR\"},{\"@type\":\"Organization\",\"@id\":\"https:\\\/\\\/wdyautoeletricaeremap.com.br\\\/#organization\",\"name\":\"WDY AUTO ELETRICA\",\"url\":\"https:\\\/\\\/wdyautoeletricaeremap.com.br\\\/\",\"logo\":{\"@type\":\"ImageObject\",\"inLanguage\":\"pt-BR\",\"@id\":\"https:\\\/\\\/wdyautoeletricaeremap.com.br\\\/#\\\/schema\\\/logo\\\/image\\\/\",\"url\":\"https:\\\/\\\/wdyautoeletricaeremap.com.br\\\/wp-content\\\/uploads\\\/2022\\\/04\\\/cropped-logo-4-1.png\",\"contentUrl\":\"https:\\\/\\\/wdyautoeletricaeremap.com.br\\\/wp-content\\\/uploads\\\/2022\\\/04\\\/cropped-logo-4-1.png\",\"width\":771,\"height\":250,\"caption\":\"WDY AUTO ELETRICA\"},\"image\":{\"@id\":\"https:\\\/\\\/wdyautoeletricaeremap.com.br\\\/#\\\/schema\\\/logo\\\/image\\\/\"}}]}<\/script>\n<!-- \/ Yoast SEO plugin. -->","yoast_head_json":{"title":"A WDY - WDY AUTO ELETRICA","robots":{"index":"index","follow":"follow","max-snippet":"max-snippet:-1","max-image-preview":"max-image-preview:large","max-video-preview":"max-video-preview:-1"},"canonical":"https:\/\/wdyautoeletricaeremap.com.br\/?page_id=1371","og_locale":"pt_BR","og_type":"article","og_title":"A WDY - WDY AUTO ELETRICA","og_description":"Sobre a WDY Auto el\u00e9trica About Us Qualidade e honestidade em 1\u00b0 lugar. A WDY tem como base oferecer alta tecnologia e m\u00e3o de obra qualificada com objetivo de conquistar a satisfa\u00e7\u00e3o dos clientes. A empresa \u00e9 especializada em auto el\u00e9trica de ve\u00edculos de pequeno, m\u00e9dio e grande porte. Tamb\u00e9m oferece outros tipos de servi\u00e7o como: Troca de \u00f3leo, manuten\u00e7\u00e3o de ABS, limpeza de bicos, air bags, travas el\u00e9tricas entre outros. Ao longo do \u00faltimos anos, a WDY se especializou em remapeamento de ve\u00edculos e \u00e9 referencia no segmento com centenas de remaps realizados.&nbsp; Traga seu ve\u00edculo para a WDY!","og_url":"https:\/\/wdyautoeletricaeremap.com.br\/?page_id=1371","og_site_name":"WDY AUTO ELETRICA","article_modified_time":"2022-05-12T18:51:53+00:00","og_image":[{"url":"http:\/\/wdyautoeletricaeremap.com.br\/wp-content\/uploads\/2022\/05\/IMG_1924-1-1024x724.jpg","type":"","width":"","height":""}],"twitter_card":"summary_large_image","twitter_misc":{"Est. tempo de leitura":"1 minuto"},"schema":{"@context":"https:\/\/schema.org","@graph":[{"@type":"WebPage","@id":"https:\/\/wdyautoeletricaeremap.com.br\/?page_id=1371","url":"https:\/\/wdyautoeletricaeremap.com.br\/?page_id=1371","name":"A WDY - WDY AUTO ELETRICA","isPartOf":{"@id":"https:\/\/wdyautoeletricaeremap.com.br\/#website"},"primaryImageOfPage":{"@id":"https:\/\/wdyautoeletricaeremap.com.br\/?page_id=1371#primaryimage"},"image":{"@id":"https:\/\/wdyautoeletricaeremap.com.br\/?page_id=1371#primaryimage"},"thumbnailUrl":"http:\/\/wdyautoeletricaeremap.com.br\/wp-content\/uploads\/2022\/05\/IMG_1924-1-1024x724.jpg","datePublished":"2022-05-04T19:25:26+00:00","dateModified":"2022-05-12T18:51:53+00:00","breadcrumb":{"@id":"https:\/\/wdyautoeletricaeremap.com.br\/?page_id=1371#breadcrumb"},"inLanguage":"pt-BR","potentialAction":[{"@type":"ReadAction","target":["https:\/\/wdyautoeletricaeremap.com.br\/?page_id=1371"]}]},{"@type":"ImageObject","inLanguage":"pt-BR","@id":"https:\/\/wdyautoeletricaeremap.com.br\/?page_id=1371#primaryimage","url":"http:\/\/wdyautoeletricaeremap.com.br\/wp-content\/uploads\/2022\/05\/IMG_1924-1-1024x724.jpg","contentUrl":"http:\/\/wdyautoeletricaeremap.com.br\/wp-content\/uploads\/2022\/05\/IMG_1924-1-1024x724.jpg"},{"@type":"BreadcrumbList","@id":"https:\/\/wdyautoeletricaeremap.com.br\/?page_id=1371#breadcrumb","itemListElement":[{"@type":"ListItem","position":1,"name":"In\u00edcio","item":"https:\/\/wdyautoeletricaeremap.com.br\/"},{"@type":"ListItem","position":2,"name":"A WDY"}]},{"@type":"WebSite","@id":"https:\/\/wdyautoeletricaeremap.com.br\/#website","url":"https:\/\/wdyautoeletricaeremap.com.br\/","name":"WDY AUTO ELETRICA","description":"","publisher":{"@id":"https:\/\/wdyautoeletricaeremap.com.br\/#organization"},"potentialAction":[{"@type":"SearchAction","target":{"@type":"EntryPoint","urlTemplate":"https:\/\/wdyautoeletricaeremap.com.br\/?s={search_term_string}"},"query-input":{"@type":"PropertyValueSpecification","valueRequired":true,"valueName":"search_term_string"}}],"inLanguage":"pt-BR"},{"@type":"Organization","@id":"https:\/\/wdyautoeletricaeremap.com.br\/#organization","name":"WDY AUTO ELETRICA","url":"https:\/\/wdyautoeletricaeremap.com.br\/","logo":{"@type":"ImageObject","inLanguage":"pt-BR","@id":"https:\/\/wdyautoeletricaeremap.com.br\/#\/schema\/logo\/image\/","url":"https:\/\/wdyautoeletricaeremap.com.br\/wp-content\/uploads\/2022\/04\/cropped-logo-4-1.png","contentUrl":"https:\/\/wdyautoeletricaeremap.com.br\/wp-content\/uploads\/2022\/04\/cropped-logo-4-1.png","width":771,"height":250,"caption":"WDY AUTO ELETRICA"},"image":{"@id":"https:\/\/wdyautoeletricaeremap.com.br\/#\/schema\/logo\/image\/"}}]}},"_links":{"self":[{"href":"https:\/\/wdyautoeletricaeremap.com.br\/index.php?rest_route=\/wp\/v2\/pages\/1371","targetHints":{"allow":["GET"]}}],"collection":[{"href":"https:\/\/wdyautoeletricaeremap.com.br\/index.php?rest_route=\/wp\/v2\/pages"}],"about":[{"href":"https:\/\/wdyautoeletricaeremap.com.br\/index.php?rest_route=\/wp\/v2\/types\/page"}],"author":[{"embeddable":true,"href":"https:\/\/wdyautoeletricaeremap.com.br\/index.php?rest_route=\/wp\/v2\/users\/1"}],"replies":[{"embeddable":true,"href":"https:\/\/wdyautoeletricaeremap.com.br\/index.php?rest_route=%2Fwp%2Fv2%2Fcomments&post=1371"}],"version-history":[{"count":4,"href":"https:\/\/wdyautoeletricaeremap.com.br\/index.php?rest_route=\/wp\/v2\/pages\/1371\/revisions"}],"predecessor-version":[{"id":1538,"href":"https:\/\/wdyautoeletricaeremap.com.br\/index.php?rest_route=\/wp\/v2\/pages\/1371\/revisions\/1538"}],"wp:attachment":[{"href":"https:\/\/wdyautoeletricaeremap.com.br\/index.php?rest_route=%2Fwp%2Fv2%2Fmedia&parent=1371"}],"curies":[{"name":"wp","href":"https:\/\/api.w.org\/{rel}","templated":true}]}}